{"id":16447,"date":"2025-07-10T09:58:24","date_gmt":"2025-07-10T07:58:24","guid":{"rendered":"https:\/\/www.dnota.com\/?page_id=16447"},"modified":"2025-07-10T10:44:25","modified_gmt":"2025-07-10T08:44:25","slug":"monitorizacion-calidad-aire-ciudades-inteligentes","status":"publish","type":"page","link":"https:\/\/www.dnota.com\/en\/monitorizacion-calidad-aire-ciudades-inteligentes\/","title":{"rendered":"News dnota"},"content":{"rendered":"<div class=\"fusion-fullwidth fullwidth-box fusion-builder-row-1 fusion-flex-container has-pattern-background has-mask-background nonhundred-percent-fullwidth non-hundred-percent-height-scrolling\" style=\"--awb-border-radius-top-left:0px;--awb-border-radius-top-right:0px;--awb-border-radius-bottom-right:0px;--awb-border-radius-bottom-left:0px;--awb-flex-wrap:wrap;\" ><div class=\"fusion-builder-row fusion-row fusion-flex-align-items-flex-start fusion-flex-content-wrap\" style=\"max-width:1248px;margin-left: calc(-4% \/ 2 );margin-right: calc(-4% \/ 2 );\"><div class=\"fusion-layout-column fusion_builder_column fusion-builder-column-0 fusion_builder_column_1_1 1_1 fusion-flex-column\" style=\"--awb-bg-size:cover;--awb-width-large:100%;--awb-margin-top-large:0px;--awb-spacing-right-large:1.92%;--awb-margin-bottom-large:20px;--awb-spacing-left-large:1.92%;--awb-width-medium:100%;--awb-order-medium:0;--awb-spacing-right-medium:1.92%;--awb-spacing-left-medium:1.92%;--awb-width-small:100%;--awb-order-small:0;--awb-spacing-right-small:1.92%;--awb-spacing-left-small:1.92%;\"><div class=\"fusion-column-wrapper fusion-column-has-shadow fusion-flex-justify-content-flex-start fusion-content-layout-column\"><div class=\"fusion-blog-shortcode fusion-blog-shortcode-1 fusion-blog-archive fusion-blog-layout-medium-alternate fusion-blog-infinite\"><div class=\"fusion-posts-container fusion-posts-container-infinite fusion-no-meta-info fusion-blog-rollover\" data-pages=\"10\"><article id=\"blog-1-post-17658\" class=\"fusion-post-medium-alternate post-17658 post type-post status-publish format-standard has-post-thumbnail hentry category-air sector-sector-en\">\n<div class=\"fusion-date-and-formats\"><div class=\"fusion-date-box updated\"><span class=\"fusion-date\">17<\/span><span class=\"fusion-month-year\">12, 2025<\/span><\/div><div class=\"fusion-format-box\"><i class=\"awb-icon-pen\" aria-hidden=\"true\"><\/i><\/div><\/div>\t<style type=\"text\/css\">\n\t\t\n\t\t\n\t\t\n\t\t\n\t\t\t<\/style>\n\n\n\t\t\t<div class=\"fusion-flexslider flexslider fusion-flexslider-loading fusion-post-slideshow\" style=\"\">\n\t\t<ul class=\"slides\">\n\t\t\t\n\t\t\t\t\t\t\t\t\t\t\t\t\t\t<li><div  class=\"fusion-image-wrapper fusion-image-size-fixed\" aria-haspopup=\"true\">\n\t\t\t\t<img decoding=\"async\" width=\"320\" height=\"202\" src=\"https:\/\/www.dnota.com\/wp-content\/uploads\/2025\/12\/Imagen-destacada-web-1-320x202.jpg\" class=\"attachment-blog-medium size-blog-medium wp-post-image\" alt=\"\" \/><div class=\"fusion-rollover\">\n\t<div class=\"fusion-rollover-content\">\n\n\t\t\t\t\t\t\t\t\t\t\t\t\t\t<a class=\"fusion-rollover-link\" href=\"https:\/\/www.dnota.com\/en\/nuevo-plan-mejora-calidad-del-aire-alcobendas\/\">Alcobendas with dnota, promoting a city with better Air Quality<\/a>\n\t\t\t\n\t\t\t\t\t\t\t\t\t\t\t\t\t\t\n\t\t\t\t\t\t\t\t\n\t\t\t\t\t\t\t\t\t\t\t\t\t<div class=\"fusion-rollover-sep\"><\/div>\n\t\t\t\t\n\t\t\t\t\t\t\t\t\t\t\t\t\t\t\t\t\t\t<a class=\"fusion-rollover-gallery\" href=\"https:\/\/www.dnota.com\/wp-content\/uploads\/2025\/12\/Imagen-destacada-web-1.jpg\" data-options=\"\" data-id=\"17658\" data-rel=\"iLightbox[gallery]\" data-title=\"Featured web image (1)\" data-caption=\"\">\n\t\t\t\t\t\tGallery\t\t\t\t\t<\/a>\n\t\t\t\t\t\t\t\t\t\t\t\t\t\t\n\t\t\n\t\t\t\t\t\t\t\t\t\t\t\t<h4 class=\"fusion-rollover-title\">\n\t\t\t\t\t<a class=\"fusion-rollover-title-link\" href=\"https:\/\/www.dnota.com\/en\/nuevo-plan-mejora-calidad-del-aire-alcobendas\/\">\n\t\t\t\t\t\tAlcobendas with dnota, promoting a city with better Air Quality\t\t\t\t\t<\/a>\n\t\t\t\t<\/h4>\n\t\t\t\n\t\t\t\t\t\t\t\t\t\t<div class=\"fusion-rollover-categories\"><a href=\"https:\/\/www.dnota.com\/en\/category\/air\/\" rel=\"tag\">Air<\/a><\/div>\t\t\t\t\t\n\t\t\n\t\t\t\t\t\t<a class=\"fusion-link-wrapper\" href=\"https:\/\/www.dnota.com\/en\/nuevo-plan-mejora-calidad-del-aire-alcobendas\/\" aria-label=\"Alcobendas with dnota, promoting a city with better Air Quality\"><\/a>\n\t<\/div>\n<\/div>\n<\/div>\n<\/li>\n\t\t\t\n\t\t\t\n\t\t\t\t\t\t\t\t\t\t\t\t\t\t\t\t\t\t\t\t\t\t\t\t\t\t\t\t\t\t\t\t\t\t\t\t\t\t\t\t\t\t\t\t\t\t\t\t\t\t\t\t\t\t\t\t\t\t\t\t\t\t\t\t\t\t\t\t<\/ul>\n\t<\/div>\n\t<div class=\"fusion-post-content post-content\"><h3 class=\"blog-shortcode-post-title entry-title\"><a href=\"https:\/\/www.dnota.com\/en\/nuevo-plan-mejora-calidad-del-aire-alcobendas\/\">Alcobendas with dnota, promoting a city with better Air Quality<\/a><\/h3><\/div><div class=\"fusion-clearfix\"><\/div><\/article>\n<article id=\"blog-1-post-17651\" class=\"fusion-post-medium-alternate post-17651 post type-post status-publish format-standard has-post-thumbnail hentry category-air sector-sector-en\">\n<div class=\"fusion-date-and-formats\"><div class=\"fusion-date-box updated\"><span class=\"fusion-date\">17<\/span><span class=\"fusion-month-year\">12, 2025<\/span><\/div><div class=\"fusion-format-box\"><i class=\"awb-icon-pen\" aria-hidden=\"true\"><\/i><\/div><\/div>\t<style type=\"text\/css\">\n\t\t\n\t\t\n\t\t\n\t\t\n\t\t\t<\/style>\n\n\n\t\t\t<div class=\"fusion-flexslider flexslider fusion-flexslider-loading fusion-post-slideshow\" style=\"\">\n\t\t<ul class=\"slides\">\n\t\t\t\n\t\t\t\t\t\t\t\t\t\t\t\t\t\t<li><div  class=\"fusion-image-wrapper fusion-image-size-fixed\" aria-haspopup=\"true\">\n\t\t\t\t<img decoding=\"async\" width=\"320\" height=\"202\" src=\"https:\/\/www.dnota.com\/wp-content\/uploads\/2025\/12\/Bettair-en-vertederos-Claystone-Waste-controlando-olores-y-gases-imagen-destacada-320x202.jpg\" class=\"attachment-blog-medium size-blog-medium wp-post-image\" alt=\"\" \/><div class=\"fusion-rollover\">\n\t<div class=\"fusion-rollover-content\">\n\n\t\t\t\t\t\t\t\t\t\t\t\t\t\t<a class=\"fusion-rollover-link\" href=\"https:\/\/www.dnota.com\/en\/calidad-aire-vertederos-control-olores-bettair\/\">Bettair in Canada&#8217;s landfills: Claystone Waste controlling odors and fumes<\/a>\n\t\t\t\n\t\t\t\t\t\t\t\t\t\t\t\t\t\t\n\t\t\t\t\t\t\t\t\n\t\t\t\t\t\t\t\t\t\t\t\t\t<div class=\"fusion-rollover-sep\"><\/div>\n\t\t\t\t\n\t\t\t\t\t\t\t\t\t\t\t\t\t\t\t\t\t\t<a class=\"fusion-rollover-gallery\" href=\"https:\/\/www.dnota.com\/wp-content\/uploads\/2025\/12\/Bettair-en-vertederos-Claystone-Waste-controlando-olores-y-gases-imagen-destacada.jpg\" data-options=\"\" data-id=\"17651\" data-rel=\"iLightbox[gallery]\" data-title=\"Bettair at Claystone Waste landfills controlling odors and gases featured image\" data-caption=\"\">\n\t\t\t\t\t\tGallery\t\t\t\t\t<\/a>\n\t\t\t\t\t\t\t\t\t\t\t\t\t\t\n\t\t\n\t\t\t\t\t\t\t\t\t\t\t\t<h4 class=\"fusion-rollover-title\">\n\t\t\t\t\t<a class=\"fusion-rollover-title-link\" href=\"https:\/\/www.dnota.com\/en\/calidad-aire-vertederos-control-olores-bettair\/\">\n\t\t\t\t\t\tBettair in Canada&#8217;s landfills: Claystone Waste controlling odors and fumes\t\t\t\t\t<\/a>\n\t\t\t\t<\/h4>\n\t\t\t\n\t\t\t\t\t\t\t\t\t\t<div class=\"fusion-rollover-categories\"><a href=\"https:\/\/www.dnota.com\/en\/category\/air\/\" rel=\"tag\">Air<\/a><\/div>\t\t\t\t\t\n\t\t\n\t\t\t\t\t\t<a class=\"fusion-link-wrapper\" href=\"https:\/\/www.dnota.com\/en\/calidad-aire-vertederos-control-olores-bettair\/\" aria-label=\"Bettair in Canada&#8217;s landfills: Claystone Waste controlling odors and fumes\"><\/a>\n\t<\/div>\n<\/div>\n<\/div>\n<\/li>\n\t\t\t\n\t\t\t\n\t\t\t\t\t\t\t\t\t\t\t\t\t\t\t\t\t\t\t\t\t\t\t\t\t\t\t\t\t\t\t\t\t\t\t\t\t\t\t\t\t\t\t\t\t\t\t\t\t\t\t\t\t\t\t\t\t\t\t\t\t\t\t\t\t\t\t\t<\/ul>\n\t<\/div>\n\t<div class=\"fusion-post-content post-content\"><h3 class=\"blog-shortcode-post-title entry-title\"><a href=\"https:\/\/www.dnota.com\/en\/calidad-aire-vertederos-control-olores-bettair\/\">Bettair in Canada&#8217;s landfills: Claystone Waste controlling odors and fumes<\/a><\/h3><\/div><div class=\"fusion-clearfix\"><\/div><\/article>\n<article id=\"blog-1-post-16736\" class=\"fusion-post-medium-alternate post-16736 post type-post status-publish format-standard has-post-thumbnail hentry category-air sector-sector-en\">\n<div class=\"fusion-date-and-formats\"><div class=\"fusion-date-box updated\"><span class=\"fusion-date\">21<\/span><span class=\"fusion-month-year\">07, 2025<\/span><\/div><div class=\"fusion-format-box\"><i class=\"awb-icon-pen\" aria-hidden=\"true\"><\/i><\/div><\/div>\t<style type=\"text\/css\">\n\t\t\n\t\t\n\t\t\n\t\t\n\t\t\t<\/style>\n\n\n\t\t\t<div class=\"fusion-flexslider flexslider fusion-flexslider-loading fusion-post-slideshow\" style=\"\">\n\t\t<ul class=\"slides\">\n\t\t\t\n\t\t\t\t\t\t\t\t\t\t\t\t\t\t<li><div  class=\"fusion-image-wrapper fusion-image-size-fixed\" aria-haspopup=\"true\">\n\t\t\t\t<img decoding=\"async\" width=\"320\" height=\"202\" src=\"https:\/\/www.dnota.com\/wp-content\/uploads\/2025\/07\/Bettair-y-la-Calidad-del-Aire-en-las-Obras-del-Circuito-de-Formula-1-en-Madrid-main-320x202.jpg\" class=\"attachment-blog-medium size-blog-medium wp-post-image\" alt=\"\" srcset=\"https:\/\/www.dnota.com\/wp-content\/uploads\/2025\/07\/Bettair-y-la-Calidad-del-Aire-en-las-Obras-del-Circuito-de-Formula-1-en-Madrid-main-320x202.jpg 320w, https:\/\/www.dnota.com\/wp-content\/uploads\/2025\/07\/Bettair-y-la-Calidad-del-Aire-en-las-Obras-del-Circuito-de-Formula-1-en-Madrid-main-700x441.jpg 700w\" sizes=\"(max-width: 320px) 100vw, 320px\" \/><div class=\"fusion-rollover\">\n\t<div class=\"fusion-rollover-content\">\n\n\t\t\t\t\t\t\t\t\t\t\t\t\t\t<a class=\"fusion-rollover-link\" href=\"https:\/\/www.dnota.com\/en\/bettairair-quality-madrid-f1-circuit\/\">Bettair in the new Madrid F1 Circuit<\/a>\n\t\t\t\n\t\t\t\t\t\t\t\t\t\t\t\t\t\t\n\t\t\t\t\t\t\t\t\n\t\t\t\t\t\t\t\t\t\t\t\t\t<div class=\"fusion-rollover-sep\"><\/div>\n\t\t\t\t\n\t\t\t\t\t\t\t\t\t\t\t\t\t\t\t\t\t\t<a class=\"fusion-rollover-gallery\" href=\"https:\/\/www.dnota.com\/wp-content\/uploads\/2025\/07\/Bettair-y-la-Calidad-del-Aire-en-las-Obras-del-Circuito-de-Formula-1-en-Madrid-main.jpg\" data-options=\"\" data-id=\"16736\" data-rel=\"iLightbox[gallery]\" data-title=\"Bettair y la Calidad del Aire en las Obras del Circuito de F\u00f3rmula 1 en Madrid main\" data-caption=\"\">\n\t\t\t\t\t\tGallery\t\t\t\t\t<\/a>\n\t\t\t\t\t\t\t\t\t\t\t\t\t\t\n\t\t\n\t\t\t\t\t\t\t\t\t\t\t\t<h4 class=\"fusion-rollover-title\">\n\t\t\t\t\t<a class=\"fusion-rollover-title-link\" href=\"https:\/\/www.dnota.com\/en\/bettairair-quality-madrid-f1-circuit\/\">\n\t\t\t\t\t\tBettair in the new Madrid F1 Circuit\t\t\t\t\t<\/a>\n\t\t\t\t<\/h4>\n\t\t\t\n\t\t\t\t\t\t\t\t\t\t<div class=\"fusion-rollover-categories\"><a href=\"https:\/\/www.dnota.com\/en\/category\/air\/\" rel=\"tag\">Air<\/a><\/div>\t\t\t\t\t\n\t\t\n\t\t\t\t\t\t<a class=\"fusion-link-wrapper\" href=\"https:\/\/www.dnota.com\/en\/bettairair-quality-madrid-f1-circuit\/\" aria-label=\"Bettair in the new Madrid F1 Circuit\"><\/a>\n\t<\/div>\n<\/div>\n<\/div>\n<\/li>\n\t\t\t\n\t\t\t\n\t\t\t\t\t\t\t\t\t\t\t\t\t\t\t\t\t\t\t\t\t\t\t\t\t\t\t\t\t\t\t\t\t\t\t\t\t\t\t\t\t\t\t\t\t\t\t\t\t\t\t\t\t\t\t\t\t\t\t\t\t\t\t\t\t\t\t\t<\/ul>\n\t<\/div>\n\t<div class=\"fusion-post-content post-content\"><h3 class=\"blog-shortcode-post-title entry-title\"><a href=\"https:\/\/www.dnota.com\/en\/bettairair-quality-madrid-f1-circuit\/\">Bettair in the new Madrid F1 Circuit<\/a><\/h3><\/div><div class=\"fusion-clearfix\"><\/div><\/article>\n<article id=\"blog-1-post-16211\" class=\"fusion-post-medium-alternate post-16211 post type-post status-publish format-standard has-post-thumbnail hentry category-air sector-sector-en\">\n<div class=\"fusion-date-and-formats\"><div class=\"fusion-date-box updated\"><span class=\"fusion-date\">31<\/span><span class=\"fusion-month-year\">05, 2025<\/span><\/div><div class=\"fusion-format-box\"><i class=\"awb-icon-pen\" aria-hidden=\"true\"><\/i><\/div><\/div>\t<style type=\"text\/css\">\n\t\t\n\t\t\n\t\t\n\t\t\n\t\t\t<\/style>\n\n\n\t\t\t<div class=\"fusion-flexslider flexslider fusion-flexslider-loading fusion-post-slideshow\" style=\"\">\n\t\t<ul class=\"slides\">\n\t\t\t\n\t\t\t\t\t\t\t\t\t\t\t\t\t\t<li><div  class=\"fusion-image-wrapper fusion-image-size-fixed\" aria-haspopup=\"true\">\n\t\t\t\t<img decoding=\"async\" width=\"320\" height=\"202\" src=\"https:\/\/www.dnota.com\/wp-content\/uploads\/2025\/05\/JGF5485-320x202.jpg\" class=\"attachment-blog-medium size-blog-medium wp-post-image\" alt=\"\u00d3scar Navarro recibe el Premio al Ejecutivo del A\u00f1o de manos de Francisco Marhuenda y Roc\u00edo Albert L\u00f3pez-Ibor en la gala de La Raz\u00f3n.\" srcset=\"https:\/\/www.dnota.com\/wp-content\/uploads\/2025\/05\/JGF5485-320x202.jpg 320w, https:\/\/www.dnota.com\/wp-content\/uploads\/2025\/05\/JGF5485-700x441.jpg 700w\" sizes=\"(max-width: 320px) 100vw, 320px\" \/><div class=\"fusion-rollover\">\n\t<div class=\"fusion-rollover-content\">\n\n\t\t\t\t\t\t\t\t\t\t\t\t\t\t<a class=\"fusion-rollover-link\" href=\"https:\/\/www.dnota.com\/en\/executive-of-the-year-award-to-dnota\/\">Executive of the Year Award to dnota, a recognition granted by the newspaper La Raz\u00f3n for a career marked by technological innovation in air quality and environmental health.<\/a>\n\t\t\t\n\t\t\t\t\t\t\t\t\t\t\t\t\t\t\n\t\t\t\t\t\t\t\t\n\t\t\t\t\t\t\t\t\t\t\t\t\t<div class=\"fusion-rollover-sep\"><\/div>\n\t\t\t\t\n\t\t\t\t\t\t\t\t\t\t\t\t\t\t\t\t\t\t<a class=\"fusion-rollover-gallery\" href=\"https:\/\/www.dnota.com\/wp-content\/uploads\/2025\/05\/JGF5485-scaled.jpg\" data-options=\"\" data-id=\"16211\" data-rel=\"iLightbox[gallery]\" data-title=\"_JGF5485\" data-caption=\"Francisco Marhuenda, director de La Raz\u00f3n, y Roc\u00edo Albert L\u00f3pez-Ibor, consejera de Econom\u00eda de la Comunidad de Madrid, entregan el premio a \u00d3scar Navarro.\">\n\t\t\t\t\t\tGallery\t\t\t\t\t<\/a>\n\t\t\t\t\t\t\t\t\t\t\t\t\t\t\n\t\t\n\t\t\t\t\t\t\t\t\t\t\t\t<h4 class=\"fusion-rollover-title\">\n\t\t\t\t\t<a class=\"fusion-rollover-title-link\" href=\"https:\/\/www.dnota.com\/en\/executive-of-the-year-award-to-dnota\/\">\n\t\t\t\t\t\tExecutive of the Year Award to dnota, a recognition granted by the newspaper La Raz\u00f3n for a career marked by technological innovation in air quality and environmental health.\t\t\t\t\t<\/a>\n\t\t\t\t<\/h4>\n\t\t\t\n\t\t\t\t\t\t\t\t\t\t<div class=\"fusion-rollover-categories\"><a href=\"https:\/\/www.dnota.com\/en\/category\/air\/\" rel=\"tag\">Air<\/a><\/div>\t\t\t\t\t\n\t\t\n\t\t\t\t\t\t<a class=\"fusion-link-wrapper\" href=\"https:\/\/www.dnota.com\/en\/executive-of-the-year-award-to-dnota\/\" aria-label=\"Executive of the Year Award to dnota, a recognition granted by the newspaper La Raz\u00f3n for a career marked by technological innovation in air quality and environmental health.\"><\/a>\n\t<\/div>\n<\/div>\n<\/div>\n<\/li>\n\t\t\t\n\t\t\t\n\t\t\t\t\t\t\t\t\t\t\t\t\t\t\t\t\t\t\t\t\t\t\t\t\t\t\t\t\t\t\t\t\t\t\t\t\t\t\t\t\t\t\t\t\t\t\t\t\t\t\t\t\t\t\t\t\t\t\t\t\t\t\t\t\t\t\t\t<\/ul>\n\t<\/div>\n\t<div class=\"fusion-post-content post-content\"><h3 class=\"blog-shortcode-post-title entry-title\"><a href=\"https:\/\/www.dnota.com\/en\/executive-of-the-year-award-to-dnota\/\">Executive of the Year Award to dnota, a recognition granted by the newspaper La Raz\u00f3n for a career marked by technological innovation in air quality and environmental health.<\/a><\/h3><\/div><div class=\"fusion-clearfix\"><\/div><\/article>\n<article id=\"blog-1-post-16181\" class=\"fusion-post-medium-alternate post-16181 post type-post status-publish format-standard has-post-thumbnail hentry category-air sector-sector-en\">\n<div class=\"fusion-date-and-formats\"><div class=\"fusion-date-box updated\"><span class=\"fusion-date\">19<\/span><span class=\"fusion-month-year\">05, 2025<\/span><\/div><div class=\"fusion-format-box\"><i class=\"awb-icon-pen\" aria-hidden=\"true\"><\/i><\/div><\/div>\t<style type=\"text\/css\">\n\t\t\n\t\t\n\t\t\n\t\t\n\t\t\t<\/style>\n\n\n\t\t\t<div class=\"fusion-flexslider flexslider fusion-flexslider-loading fusion-post-slideshow\" style=\"\">\n\t\t<ul class=\"slides\">\n\t\t\t\n\t\t\t\t\t\t\t\t\t\t\t\t\t\t<li><div  class=\"fusion-image-wrapper fusion-image-size-fixed\" aria-haspopup=\"true\">\n\t\t\t\t<img decoding=\"async\" width=\"320\" height=\"202\" src=\"https:\/\/www.dnota.com\/wp-content\/uploads\/2025\/05\/Diseno-sin-titulo-3-320x202.png\" class=\"attachment-blog-medium size-blog-medium wp-post-image\" alt=\"Bettair en M\u00e9xico con Persis, expertos en calidad del aire y Smart Cities.\" srcset=\"https:\/\/www.dnota.com\/wp-content\/uploads\/2025\/05\/Diseno-sin-titulo-3-320x202.png 320w, https:\/\/www.dnota.com\/wp-content\/uploads\/2025\/05\/Diseno-sin-titulo-3-700x441.png 700w\" sizes=\"(max-width: 320px) 100vw, 320px\" \/><div class=\"fusion-rollover\">\n\t<div class=\"fusion-rollover-content\">\n\n\t\t\t\t\t\t\t\t\t\t\t\t\t\t<a class=\"fusion-rollover-link\" href=\"https:\/\/www.dnota.com\/en\/persis-air-quality-in-mexico\/\">New boost to air quality in Mexico: Bettair and Persis team up<\/a>\n\t\t\t\n\t\t\t\t\t\t\t\t\t\t\t\t\t\t\n\t\t\t\t\t\t\t\t\n\t\t\t\t\t\t\t\t\t\t\t\t\t<div class=\"fusion-rollover-sep\"><\/div>\n\t\t\t\t\n\t\t\t\t\t\t\t\t\t\t\t\t\t\t\t\t\t\t<a class=\"fusion-rollover-gallery\" href=\"https:\/\/www.dnota.com\/wp-content\/uploads\/2025\/05\/Diseno-sin-titulo-3.png\" data-options=\"\" data-id=\"16181\" data-rel=\"iLightbox[gallery]\" data-title=\"Dise\u00f1o sin t\u00edtulo (3)\" data-caption=\"\">\n\t\t\t\t\t\tGallery\t\t\t\t\t<\/a>\n\t\t\t\t\t\t\t\t\t\t\t\t\t\t\n\t\t\n\t\t\t\t\t\t\t\t\t\t\t\t<h4 class=\"fusion-rollover-title\">\n\t\t\t\t\t<a class=\"fusion-rollover-title-link\" href=\"https:\/\/www.dnota.com\/en\/persis-air-quality-in-mexico\/\">\n\t\t\t\t\t\tNew boost to air quality in Mexico: Bettair and Persis team up\t\t\t\t\t<\/a>\n\t\t\t\t<\/h4>\n\t\t\t\n\t\t\t\t\t\t\t\t\t\t<div class=\"fusion-rollover-categories\"><a href=\"https:\/\/www.dnota.com\/en\/category\/air\/\" rel=\"tag\">Air<\/a><\/div>\t\t\t\t\t\n\t\t\n\t\t\t\t\t\t<a class=\"fusion-link-wrapper\" href=\"https:\/\/www.dnota.com\/en\/persis-air-quality-in-mexico\/\" aria-label=\"New boost to air quality in Mexico: Bettair and Persis team up\"><\/a>\n\t<\/div>\n<\/div>\n<\/div>\n<\/li>\n\t\t\t\n\t\t\t\n\t\t\t\t\t\t\t\t\t\t\t\t\t\t\t\t\t\t\t\t\t\t\t\t\t\t\t\t\t\t\t\t\t\t\t\t\t\t\t\t\t\t\t\t\t\t\t\t\t\t\t\t\t\t\t\t\t\t\t\t\t\t\t\t\t\t\t\t<\/ul>\n\t<\/div>\n\t<div class=\"fusion-post-content post-content\"><h3 class=\"blog-shortcode-post-title entry-title\"><a href=\"https:\/\/www.dnota.com\/en\/persis-air-quality-in-mexico\/\">New boost to air quality in Mexico: Bettair and Persis team up<\/a><\/h3><\/div><div class=\"fusion-clearfix\"><\/div><\/article>\n<article id=\"blog-1-post-16147\" class=\"fusion-post-medium-alternate post-16147 post type-post status-publish format-standard has-post-thumbnail hentry category-air\">\n<div class=\"fusion-date-and-formats\"><div class=\"fusion-date-box updated\"><span class=\"fusion-date\">14<\/span><span class=\"fusion-month-year\">05, 2025<\/span><\/div><div class=\"fusion-format-box\"><i class=\"awb-icon-pen\" aria-hidden=\"true\"><\/i><\/div><\/div>\t<style type=\"text\/css\">\n\t\t\n\t\t\n\t\t\n\t\t\n\t\t\t<\/style>\n\n\n\t\t\t<div class=\"fusion-flexslider flexslider fusion-flexslider-loading fusion-post-slideshow\" style=\"\">\n\t\t<ul class=\"slides\">\n\t\t\t\n\t\t\t\t\t\t\t\t\t\t\t\t\t\t<li><div  class=\"fusion-image-wrapper fusion-image-size-fixed\" aria-haspopup=\"true\">\n\t\t\t\t<img decoding=\"async\" width=\"320\" height=\"202\" src=\"https:\/\/www.dnota.com\/wp-content\/uploads\/2025\/05\/Castell-de-Bellver_4-320x202.jpeg\" class=\"attachment-blog-medium size-blog-medium wp-post-image\" alt=\"Vista panor\u00e1mica de la estaci\u00f3n de calidad del aire del Govern de les Illes Balears situada en el entorno forestal del Castell de Bellver, Mallorca.\" srcset=\"https:\/\/www.dnota.com\/wp-content\/uploads\/2025\/05\/Castell-de-Bellver_4-320x202.jpeg 320w, https:\/\/www.dnota.com\/wp-content\/uploads\/2025\/05\/Castell-de-Bellver_4-700x441.jpeg 700w\" sizes=\"(max-width: 320px) 100vw, 320px\" \/><div class=\"fusion-rollover\">\n\t<div class=\"fusion-rollover-content\">\n\n\t\t\t\t\t\t\t\t\t\t\t\t\t\t<a class=\"fusion-rollover-link\" href=\"https:\/\/www.dnota.com\/en\/air-quality-monitoring-baleares-dnota-contract\/\">dnota was awarded the official contract for the Balearic Air Quality Monitoring network, which will consist of a hybrid network of bettair IoT sensors.<\/a>\n\t\t\t\n\t\t\t\t\t\t\t\t\t\t\t\t\t\t\n\t\t\t\t\t\t\t\t\n\t\t\t\t\t\t\t\t\t\t\t\t\t<div class=\"fusion-rollover-sep\"><\/div>\n\t\t\t\t\n\t\t\t\t\t\t\t\t\t\t\t\t\t\t\t\t\t\t<a class=\"fusion-rollover-gallery\" href=\"https:\/\/www.dnota.com\/wp-content\/uploads\/2025\/05\/Castell-de-Bellver_4.jpeg\" data-options=\"\" data-id=\"16147\" data-rel=\"iLightbox[gallery]\" data-title=\"Castell de Bellver_4\" data-caption=\"Estaci\u00f3n fija de vigilancia de calidad del aire en el Castell de Bellver (Mallorca), integrada en el entorno natural y operada por el Govern Balear.\">\n\t\t\t\t\t\tGallery\t\t\t\t\t<\/a>\n\t\t\t\t\t\t\t\t\t\t\t\t\t\t\n\t\t\n\t\t\t\t\t\t\t\t\t\t\t\t<h4 class=\"fusion-rollover-title\">\n\t\t\t\t\t<a class=\"fusion-rollover-title-link\" href=\"https:\/\/www.dnota.com\/en\/air-quality-monitoring-baleares-dnota-contract\/\">\n\t\t\t\t\t\tdnota was awarded the official contract for the Balearic Air Quality Monitoring network, which will consist of a hybrid network of bettair IoT sensors.\t\t\t\t\t<\/a>\n\t\t\t\t<\/h4>\n\t\t\t\n\t\t\t\t\t\t\t\t\t\t<div class=\"fusion-rollover-categories\"><a href=\"https:\/\/www.dnota.com\/en\/category\/air\/\" rel=\"tag\">Air<\/a><\/div>\t\t\t\t\t\n\t\t\n\t\t\t\t\t\t<a class=\"fusion-link-wrapper\" href=\"https:\/\/www.dnota.com\/en\/air-quality-monitoring-baleares-dnota-contract\/\" aria-label=\"dnota was awarded the official contract for the Balearic Air Quality Monitoring network, which will consist of a hybrid network of bettair IoT sensors.\"><\/a>\n\t<\/div>\n<\/div>\n<\/div>\n<\/li>\n\t\t\t\n\t\t\t\n\t\t\t\t\t\t\t\t\t\t\t\t\t\t\t\t\t\t\t\t\t\t\t\t\t\t\t\t\t\t\t\t\t\t\t\t\t\t\t\t\t\t\t\t\t\t\t\t\t\t\t\t\t\t\t\t\t\t\t\t\t\t\t\t\t\t\t\t<\/ul>\n\t<\/div>\n\t<div class=\"fusion-post-content post-content\"><h3 class=\"blog-shortcode-post-title entry-title\"><a href=\"https:\/\/www.dnota.com\/en\/air-quality-monitoring-baleares-dnota-contract\/\">dnota was awarded the official contract for the Balearic Air Quality Monitoring network, which will consist of a hybrid network of bettair IoT sensors.<\/a><\/h3><\/div><div class=\"fusion-clearfix\"><\/div><\/article>\n<\/div><div class=\"fusion-infinite-scroll-trigger\"><\/div><div class=\"pagination infinite-scroll clearfix\" style=\"display:none;\"><span class=\"current\">1<\/span><a href=\"https:\/\/www.dnota.com\/en\/wp-json\/wp\/v2\/pages\/16447\/page\/2\/\" class=\"inactive\">2<\/a><a class=\"pagination-next\" rel=\"next\" href=\"https:\/\/www.dnota.com\/en\/wp-json\/wp\/v2\/pages\/16447\/page\/2\/\"><span class=\"page-text\">Next<\/span><span class=\"page-next\"><\/span><\/a><\/div><div class=\"fusion-clearfix\"><\/div><\/div><\/div><\/div><\/div><\/div>\n","protected":false},"excerpt":{"rendered":"","protected":false},"author":324,"featured_media":0,"parent":0,"menu_order":0,"comment_status":"open","ping_status":"closed","template":"","meta":{"footnotes":""},"sector":[],"class_list":["post-16447","page","type-page","status-publish","hentry"],"_links":{"self":[{"href":"https:\/\/www.dnota.com\/en\/wp-json\/wp\/v2\/pages\/16447","targetHints":{"allow":["GET"]}}],"collection":[{"href":"https:\/\/www.dnota.com\/en\/wp-json\/wp\/v2\/pages"}],"about":[{"href":"https:\/\/www.dnota.com\/en\/wp-json\/wp\/v2\/types\/page"}],"author":[{"embeddable":true,"href":"https:\/\/www.dnota.com\/en\/wp-json\/wp\/v2\/users\/324"}],"replies":[{"embeddable":true,"href":"https:\/\/www.dnota.com\/en\/wp-json\/wp\/v2\/comments?post=16447"}],"version-history":[{"count":4,"href":"https:\/\/www.dnota.com\/en\/wp-json\/wp\/v2\/pages\/16447\/revisions"}],"predecessor-version":[{"id":16458,"href":"https:\/\/www.dnota.com\/en\/wp-json\/wp\/v2\/pages\/16447\/revisions\/16458"}],"wp:attachment":[{"href":"https:\/\/www.dnota.com\/en\/wp-json\/wp\/v2\/media?parent=16447"}],"wp:term":[{"taxonomy":"sector","embeddable":true,"href":"https:\/\/www.dnota.com\/en\/wp-json\/wp\/v2\/sector?post=16447"}],"curies":[{"name":"wp","href":"https:\/\/api.w.org\/{rel}","templated":true}]}}